{"id":1029,"date":"2020-12-15T11:36:52","date_gmt":"2020-12-15T10:36:52","guid":{"rendered":"https:\/\/www.colobo.de\/?page_id=1029"},"modified":"2022-10-12T11:57:28","modified_gmt":"2022-10-12T09:57:28","slug":"about-us","status":"publish","type":"page","link":"https:\/\/moebel.tischlerei-doerschel.de\/es\/about-us\/","title":{"rendered":"About us"},"content":{"rendered":"<p><div class=\"fusion-fullwidth fullwidth-box fusion-builder-row-1 fusion-parallax-none nonhundred-percent-fullwidth non-hundred-percent-height-scrolling\"  style='background-color: rgba(255,255,255,0);background-image: url(\"https:\/\/moebel.tischlerei-doerschel.de\/wp-content\/uploads\/2021\/02\/COLOBO-Team-bw3.jpg\");background-position: center center;background-repeat: no-repeat;padding-top:0px;padding-right:0px;padding-bottom:0px;padding-left:0px;-webkit-background-size:cover;-moz-background-size:cover;-o-background-size:cover;background-size:cover;'><div class=\"fusion-builder-row fusion-row \"><div  data-animationType=fadeIn data-animationDuration=1.0 data-animationOffset=100% class=\"fusion-layout-column fusion_builder_column fusion_builder_column_1_1 fusion-builder-column-1 fusion-one-full fusion-column-first fusion-column-last fusion-animated 1_1\"  style='margin-top:0px;margin-bottom:20px;'>\n\t\t\t\t\t<div class=\"fusion-column-wrapper\" style=\"padding: 150px 0px 150px 0px;background-position:left top;background-repeat:no-repeat;-webkit-background-size:cover;-moz-background-size:cover;-o-background-size:cover;background-size:cover;\"   data-bg-url=\"\">\n\t\t\t\t\t\t<style type=\"text\/css\"><\/style><div class=\"fusion-title title fusion-title-1 fusion-sep-none fusion-title-center fusion-title-text fusion-title-size-one\" style=\"font-size:50px;margin-top:0px;margin-bottom:31px;\"><h1 class=\"title-heading-center\" style=\"margin:0;font-size:1em;color:#ffffff;\">About us<\/h1><\/div><div class=\"fusion-clearfix\"><\/div>\n\n\t\t\t\t\t<\/div>\n\t\t\t\t<\/div><\/div><\/div><div class=\"fusion-fullwidth fullwidth-box fusion-builder-row-2 nonhundred-percent-fullwidth non-hundred-percent-height-scrolling\"  style='background-color: rgba(255,255,255,0);background-position: center center;background-repeat: no-repeat;padding-top:0px;padding-right:0px;padding-bottom:0px;padding-left:0px;margin-bottom: 60px;margin-top: 60px;'><div class=\"fusion-builder-row fusion-row \"><div  class=\"fusion-layout-column fusion_builder_column fusion_builder_column_1_3 fusion-builder-column-2 fusion-one-third fusion-column-first 1_3\"  style='margin-top:0px;margin-bottom:20px;width:33.33%;width:calc(33.33% - ( ( 4% ) * 0.3333 ) );margin-right: 4%;'>\n\t\t\t\t\t<div class=\"fusion-column-wrapper\" style=\"padding: 0px 0px 0px 0px;background-position:left top;background-repeat:no-repeat;-webkit-background-size:cover;-moz-background-size:cover;-o-background-size:cover;background-size:cover;\"   data-bg-url=\"\">\n\t\t\t\t\t\t<span class=\"fusion-imageframe imageframe-none imageframe-1 hover-type-none\"><img loading=\"lazy\" decoding=\"async\" src=\"https:\/\/moebel.tischlerei-doerschel.de\/wp-content\/uploads\/2020\/12\/COLOBO-Schild.jpg\" width=\"600\" height=\"600\" alt=\"\" title=\"COLOBO\" class=\"img-responsive wp-image-1049\" srcset=\"https:\/\/moebel.tischlerei-doerschel.de\/wp-content\/uploads\/2020\/12\/COLOBO-Schild-200x200.jpg 200w, https:\/\/moebel.tischlerei-doerschel.de\/wp-content\/uploads\/2020\/12\/COLOBO-Schild-400x400.jpg 400w, https:\/\/moebel.tischlerei-doerschel.de\/wp-content\/uploads\/2020\/12\/COLOBO-Schild.jpg 600w\" sizes=\"auto, (max-width: 800px) 100vw, 600px\" \/><\/span><div class=\"fusion-clearfix\"><\/div>\n\n\t\t\t\t\t<\/div>\n\t\t\t\t<\/div><div  class=\"fusion-layout-column fusion_builder_column fusion_builder_column_2_3 fusion-builder-column-3 fusion-two-third fusion-column-last 2_3\"  style='margin-top:0px;margin-bottom:20px;width:66.66%;width:calc(66.66% - ( ( 4% ) * 0.6666 ) );'>\n\t\t\t\t\t<div class=\"fusion-column-wrapper\" style=\"padding: 0px 0px 0px 0px;background-position:left top;background-repeat:no-repeat;-webkit-background-size:cover;-moz-background-size:cover;-o-background-size:cover;background-size:cover;\"   data-bg-url=\"\">\n\t\t\t\t\t\t<div class=\"fusion-text\"><p><strong>Tischlerei D\u00f6rschel es sin\u00f3nimo de &#8230;<\/strong><\/p>\n<p>&#8230; una empresa joven y ambiciosa (surgida de la fusi\u00f3n de empresas Haas Bau Berlin KG e IDEANDU, exitosamente en el mercado desde 2011 y 2015)<\/p>\n<p>&#8230; soluciones creativas y pr\u00e1cticas, dise\u00f1o moderno e individual, que la diferencian del resto.<\/p>\n<p>&#8230; clientes satisfechos y convencidos (<a href=\"https:\/\/moebel.tischlerei-doerschel.de\/es\/#references\">Nuestras referencias<\/a>)<\/p>\n<p>&#8230; un equipo joven, internacional y cosmopolita en el que modelos de trabajo modernos garantizan flexibilidad individual y empleados satisfechos<\/p>\n<p>&#8230; un \u201c\u00a1NO!\u201d decisivo al racismo, sexismo, homofobia o cualquier otra forma de discriminaci\u00f3n<\/p>\n<\/div><div class=\"fusion-clearfix\"><\/div>\n\n\t\t\t\t\t<\/div>\n\t\t\t\t<\/div><\/div><\/div><div class=\"fusion-fullwidth fullwidth-box fusion-builder-row-3 nonhundred-percent-fullwidth non-hundred-percent-height-scrolling\"  style='background-color: rgba(255,255,255,0);background-position: center center;background-repeat: no-repeat;padding-top:0px;padding-right:0px;padding-bottom:0px;padding-left:0px;'><div class=\"fusion-builder-row fusion-row \"><div  class=\"fusion-layout-column fusion_builder_column fusion_builder_column_1_3 fusion-builder-column-4 fusion-one-third fusion-column-first 1_3\"  style='margin-top:0px;margin-bottom:20px;width:33.33%;width:calc(33.33% - ( ( 4% ) * 0.3333 ) );margin-right: 4%;'>\n\t\t\t\t\t<div class=\"fusion-column-wrapper\" style=\"padding: 0px 0px 0px 0px;background-position:left top;background-repeat:no-repeat;-webkit-background-size:cover;-moz-background-size:cover;-o-background-size:cover;background-size:cover;\"   data-bg-url=\"\">\n\t\t\t\t\t\t<div class=\"fusion-clearfix\"><\/div>\n\n\t\t\t\t\t<\/div>\n\t\t\t\t<\/div><div  class=\"fusion-layout-column fusion_builder_column fusion_builder_column_2_3 fusion-builder-column-5 fusion-two-third fusion-column-last 2_3\"  style='margin-top:0px;margin-bottom:0px;width:66.66%;width:calc(66.66% - ( ( 4% ) * 0.6666 ) );'>\n\t\t\t\t\t<div class=\"fusion-column-wrapper\" style=\"padding: 0px 0px 0px 0px;background-position:left top;background-repeat:no-repeat;-webkit-background-size:cover;-moz-background-size:cover;-o-background-size:cover;background-size:cover;\"   data-bg-url=\"\">\n\t\t\t\t\t\t<style type=\"text\/css\"><\/style><div class=\"fusion-title title fusion-title-2 fusion-sep-none fusion-title-text fusion-title-size-two\" style=\"margin-top:0px;margin-bottom:31px;\"><h2 class=\"title-heading-left\" style=\"margin:0;\"><strong>Gerente<\/strong><\/h2><\/div><div class=\"fusion-clearfix\"><\/div>\n\n\t\t\t\t\t<\/div>\n\t\t\t\t<\/div><\/div><\/div><div class=\"fusion-fullwidth fullwidth-box fusion-builder-row-4 nonhundred-percent-fullwidth non-hundred-percent-height-scrolling\"  style='background-color: rgba(255,255,255,0);background-position: center center;background-repeat: no-repeat;padding-top:0px;padding-right:0px;padding-bottom:0px;padding-left:0px;margin-bottom: 40px;'><div class=\"fusion-builder-row fusion-row \"><div  class=\"fusion-layout-column fusion_builder_column fusion_builder_column_1_3 fusion-builder-column-6 fusion-one-third fusion-column-first 1_3\"  style='margin-top:0px;margin-bottom:20px;width:33.33%;width:calc(33.33% - ( ( 4% ) * 0.3333 ) );margin-right: 4%;'>\n\t\t\t\t\t<div class=\"fusion-column-wrapper\" style=\"padding: 0px 0px 0px 0px;background-position:left top;background-repeat:no-repeat;-webkit-background-size:cover;-moz-background-size:cover;-o-background-size:cover;background-size:cover;\"   data-bg-url=\"\">\n\t\t\t\t\t\t<span class=\"fusion-imageframe imageframe-none imageframe-2 hover-type-none\"><img loading=\"lazy\" decoding=\"async\" src=\"https:\/\/moebel.tischlerei-doerschel.de\/wp-content\/uploads\/2020\/11\/COLOBO-Samuel-Haas-2-1.jpg\" width=\"600\" height=\"600\" alt=\"\" title=\"COLOBO Samuel Haas\" class=\"img-responsive wp-image-1046\" srcset=\"https:\/\/moebel.tischlerei-doerschel.de\/wp-content\/uploads\/2020\/11\/COLOBO-Samuel-Haas-2-1-200x200.jpg 200w, https:\/\/moebel.tischlerei-doerschel.de\/wp-content\/uploads\/2020\/11\/COLOBO-Samuel-Haas-2-1-400x400.jpg 400w, https:\/\/moebel.tischlerei-doerschel.de\/wp-content\/uploads\/2020\/11\/COLOBO-Samuel-Haas-2-1.jpg 600w\" sizes=\"auto, (max-width: 800px) 100vw, 600px\" \/><\/span><div class=\"fusion-clearfix\"><\/div>\n\n\t\t\t\t\t<\/div>\n\t\t\t\t<\/div><div  class=\"fusion-layout-column fusion_builder_column fusion_builder_column_2_3 fusion-builder-column-7 fusion-two-third fusion-column-last 2_3\"  style='margin-top:0px;margin-bottom:20px;width:66.66%;width:calc(66.66% - ( ( 4% ) * 0.6666 ) );'>\n\t\t\t\t\t<div class=\"fusion-column-wrapper\" style=\"padding: 0px 0px 0px 0px;background-position:left top;background-repeat:no-repeat;-webkit-background-size:cover;-moz-background-size:cover;-o-background-size:cover;background-size:cover;\"   data-bg-url=\"\">\n\t\t\t\t\t\t<style type=\"text\/css\"><\/style><div class=\"fusion-title title fusion-title-3 fusion-sep-none fusion-title-text fusion-title-size-three lineheight-1\" style=\"margin-top:0px;margin-bottom:10px;\"><h3 class=\"title-heading-left\" style=\"margin:0;\"><strong>Samuel Haas<\/strong><\/h3><\/div><div class=\"fusion-text\"><p><em>Samuel tiene una maestr\u00eda en carpinter\u00eda (\u201cMeister\u201d), fue reconocido en 2017 como el mejor de su promoci\u00f3n.<\/em><\/p>\n<p>Conoci\u00f3 la profesi\u00f3n de carpintero por primera vez a la edad de 13 a\u00f1os en un periodo de pr\u00e1cticas. Esta experiencia influye particularmente en su futura vida profesional: \u00a1trabajar con madera! Despu\u00e9s de su formaci\u00f3n en una carpinter\u00eda bien establecida en Baden-W\u00fcrttemberg, Samuel se traslada a Berl\u00edn en el a\u00f1o 2008. Al principio trabaja para una empresa en el campo de renovaci\u00f3n de edificios antiguos y acumula experiencia. En 2011, con tan solo 23 a\u00f1os, funda la empresa Haas Bau Berlin KG. Con sus empleados y socios locales, Samuel ofrece soluciones completas \u2013 y gana muchos clientes privados y comerciales satisfechos.<br \/>\nSu mayor pasi\u00f3n sigue siendo el trabajo con madera. Aparte de su meticuloso conocimiento en gesti\u00f3n de proyectos y su actitud de !s\u00ed, se puede!, su ingenio le ayuda a encontrar soluciones creativas y s\u00f3lidas para las inusuales solicitudes de construcci\u00f3n de sus clientes.<\/p>\n<p>DE \/ EN \/ PT \/ (ES)<\/p>\n<p><a href=\"mailto:samuel.haas@colobo.de\">samuel.haas@colobo.de<\/a><br \/>\n<a href=\"tel:+491707730735\">+49 170 77 30 735<\/a><\/p>\n<\/div><div class=\"fusion-clearfix\"><\/div>\n\n\t\t\t\t\t<\/div>\n\t\t\t\t<\/div><\/div><\/div><div class=\"fusion-fullwidth fullwidth-box fusion-builder-row-5 nonhundred-percent-fullwidth non-hundred-percent-height-scrolling\"  style='background-color: rgba(255,255,255,0);background-position: center center;background-repeat: no-repeat;padding-top:0px;padding-right:0px;padding-bottom:0px;padding-left:0px;margin-bottom: 125px;margin-top: 125px;'><div class=\"fusion-builder-row fusion-row \"><div  class=\"fusion-layout-column fusion_builder_column fusion_builder_column_1_3 fusion-builder-column-8 fusion-one-third fusion-column-first 1_3\"  style='margin-top:0px;margin-bottom:20px;width:33.33%;width:calc(33.33% - ( ( 4% ) * 0.3333 ) );margin-right: 4%;'>\n\t\t\t\t\t<div class=\"fusion-column-wrapper\" style=\"padding: 0px 0px 0px 0px;background-position:left top;background-repeat:no-repeat;-webkit-background-size:cover;-moz-background-size:cover;-o-background-size:cover;background-size:cover;\"   data-bg-url=\"\">\n\t\t\t\t\t\t<div class=\"fusion-clearfix\"><\/div>\n\n\t\t\t\t\t<\/div>\n\t\t\t\t<\/div><div  class=\"fusion-layout-column fusion_builder_column fusion_builder_column_2_3 fusion-builder-column-9 fusion-two-third fusion-column-last 2_3\"  style='margin-top:0px;margin-bottom:20px;width:66.66%;width:calc(66.66% - ( ( 4% ) * 0.6666 ) );'>\n\t\t\t\t\t<div class=\"fusion-column-wrapper\" style=\"padding: 0px 0px 0px 0px;background-position:left top;background-repeat:no-repeat;-webkit-background-size:cover;-moz-background-size:cover;-o-background-size:cover;background-size:cover;\"   data-bg-url=\"\">\n\t\t\t\t\t\t<style type=\"text\/css\"><\/style><div class=\"fusion-title title fusion-title-4 fusion-sep-none fusion-title-text fusion-title-size-three lineheight-1\" style=\"margin-top:0px;margin-bottom:31px;\"><h3 class=\"title-heading-left\" style=\"margin:0;\"><strong>Equipo<\/strong><\/h3><\/div><div class=\"fusion-text\"><p>Nuestro equipo internacional est\u00e1 formado por especialistas capacitados y experimentados. Con este know-how combinado, logramos el mejor resultado para nuestros clientes.<\/p>\n<\/div><div class=\"fusion-clearfix\"><\/div>\n\n\t\t\t\t\t<\/div>\n\t\t\t\t<\/div><\/div><\/div><div class=\"fusion-fullwidth fullwidth-box fusion-builder-row-6 nonhundred-percent-fullwidth non-hundred-percent-height-scrolling\"  style='background-color: rgba(255,255,255,0);background-position: center center;background-repeat: no-repeat;padding-top:0px;padding-right:0px;padding-bottom:0px;padding-left:0px;margin-bottom: 40px;'><div class=\"fusion-builder-row fusion-row \"><div  class=\"fusion-layout-column fusion_builder_column fusion_builder_column_1_3 fusion-builder-column-10 fusion-one-third fusion-column-first 1_3\"  style='margin-top:0px;margin-bottom:20px;width:33.33%;width:calc(33.33% - ( ( 4% ) * 0.3333 ) );margin-right: 4%;'>\n\t\t\t\t\t<div class=\"fusion-column-wrapper\" style=\"padding: 0px 0px 0px 0px;background-position:left top;background-repeat:no-repeat;-webkit-background-size:cover;-moz-background-size:cover;-o-background-size:cover;background-size:cover;\"   data-bg-url=\"\">\n\t\t\t\t\t\t<div class=\"fusion-clearfix\"><\/div>\n\n\t\t\t\t\t<\/div>\n\t\t\t\t<\/div><div  class=\"fusion-layout-column fusion_builder_column fusion_builder_column_2_3 fusion-builder-column-11 fusion-two-third fusion-column-last 2_3\"  style='margin-top:0px;margin-bottom:20px;width:66.66%;width:calc(66.66% - ( ( 4% ) * 0.6666 ) );'>\n\t\t\t\t\t<div class=\"fusion-column-wrapper\" style=\"padding: 0px 0px 0px 0px;background-position:left top;background-repeat:no-repeat;-webkit-background-size:cover;-moz-background-size:cover;-o-background-size:cover;background-size:cover;\"   data-bg-url=\"\">\n\t\t\t\t\t\t<style type=\"text\/css\"><\/style><div class=\"fusion-title title fusion-title-5 fusion-sep-none fusion-title-text fusion-title-size-three lineheight-1\" style=\"margin-top:0px;margin-bottom:31px;\"><h3 class=\"title-heading-left\" style=\"margin:0;\"><strong>Historia<\/strong><\/h3><\/div><div class=\"fusion-text\"><p>En 2016, Samuel conoci\u00f3 a Fabio Careddu en una obra de construcci\u00f3n. El experto en madera y dise\u00f1ador de muebles de Cerde\u00f1a hab\u00eda fundado la empresa de upcycling IDEANDU en Berl\u00edn en 2015. Desarrollaron sus primeros proyectos conjuntos, con tanto \u00e9xito que decidieron fusionar sus dos empresas IDEANDU y Haas Bau Berlin KG.<\/p>\n<p>En junio de 2018, fundan Tischlerei D\u00f6rschel GmbH y ampl\u00edan su equipo. Con sus conocimientos y experiencia combinados, ahora ejecutan proyectos mucho m\u00e1s grandes. Inicialmente, Tischlerei D\u00f6rschel GmbH act\u00faa como contratista general y se dedica al desarrollo de grandes espacios de oficinas y comerciales de hasta 1.830 m\u00b2. El taller de 600 m\u00b2 en Berl\u00edn-Pankow, inaugurado en 2020, permite ampliar la divisi\u00f3n de construcci\u00f3n de muebles y los proyectos de dise\u00f1o de upcycling.<\/p>\n<p>En 2021, Fabio deja la empresa y se traslada a Italia con su familia para buscar nuevos retos. Desde 2022, Tischlerei D\u00f6rschel ya no es un contratista general, sino que se centra en ofrecer dise\u00f1o de interiores como proveedor unico.<\/p>\n<\/div><div class=\"fusion-clearfix\"><\/div>\n\n\t\t\t\t\t<\/div>\n\t\t\t\t<\/div><\/div><\/div><\/p>\n","protected":false},"excerpt":{"rendered":"","protected":false},"author":2,"featured_media":0,"parent":0,"menu_order":0,"comment_status":"closed","ping_status":"closed","template":"100-width.php","meta":{"footnotes":""},"class_list":["post-1029","page","type-page","status-publish","hentry"],"_links":{"self":[{"href":"https:\/\/moebel.tischlerei-doerschel.de\/es\/wp-json\/wp\/v2\/pages\/1029","targetHints":{"allow":["GET"]}}],"collection":[{"href":"https:\/\/moebel.tischlerei-doerschel.de\/es\/wp-json\/wp\/v2\/pages"}],"about":[{"href":"https:\/\/moebel.tischlerei-doerschel.de\/es\/wp-json\/wp\/v2\/types\/page"}],"author":[{"embeddable":true,"href":"https:\/\/moebel.tischlerei-doerschel.de\/es\/wp-json\/wp\/v2\/users\/2"}],"replies":[{"embeddable":true,"href":"https:\/\/moebel.tischlerei-doerschel.de\/es\/wp-json\/wp\/v2\/comments?post=1029"}],"version-history":[{"count":21,"href":"https:\/\/moebel.tischlerei-doerschel.de\/es\/wp-json\/wp\/v2\/pages\/1029\/revisions"}],"predecessor-version":[{"id":2564,"href":"https:\/\/moebel.tischlerei-doerschel.de\/es\/wp-json\/wp\/v2\/pages\/1029\/revisions\/2564"}],"wp:attachment":[{"href":"https:\/\/moebel.tischlerei-doerschel.de\/es\/wp-json\/wp\/v2\/media?parent=1029"}],"curies":[{"name":"wp","href":"https:\/\/api.w.org\/{rel}","templated":true}]}}