{"id":1103,"date":"2020-12-15T12:50:17","date_gmt":"2020-12-15T11:50:17","guid":{"rendered":"https:\/\/www.colobo.de\/?page_id=1103"},"modified":"2022-10-12T11:56:22","modified_gmt":"2022-10-12T09:56:22","slug":"about-us","status":"publish","type":"page","link":"https:\/\/moebel.tischlerei-doerschel.de\/en\/about-us\/","title":{"rendered":"About Us"},"content":{"rendered":"<p><div class=\"fusion-fullwidth fullwidth-box fusion-builder-row-1 fusion-parallax-none nonhundred-percent-fullwidth non-hundred-percent-height-scrolling\"  style='background-color: rgba(255,255,255,0);background-image: url(\"https:\/\/moebel.tischlerei-doerschel.de\/wp-content\/uploads\/2021\/02\/COLOBO-Team-bw3.jpg\");background-position: center center;background-repeat: no-repeat;padding-top:0px;padding-right:0px;padding-bottom:0px;padding-left:0px;-webkit-background-size:cover;-moz-background-size:cover;-o-background-size:cover;background-size:cover;'><div class=\"fusion-builder-row fusion-row \"><div  data-animationType=fadeIn data-animationDuration=1.0 data-animationOffset=100% class=\"fusion-layout-column fusion_builder_column fusion_builder_column_1_1 fusion-builder-column-1 fusion-one-full fusion-column-first fusion-column-last fusion-animated 1_1\"  style='margin-top:0px;margin-bottom:20px;'>\n\t\t\t\t\t<div class=\"fusion-column-wrapper\" style=\"padding: 150px 0px 150px 0px;background-position:left top;background-repeat:no-repeat;-webkit-background-size:cover;-moz-background-size:cover;-o-background-size:cover;background-size:cover;\"   data-bg-url=\"\">\n\t\t\t\t\t\t<style type=\"text\/css\"><\/style><div class=\"fusion-title title fusion-title-1 fusion-sep-none fusion-title-center fusion-title-text fusion-title-size-one\" style=\"font-size:50px;margin-top:0px;margin-bottom:31px;\"><h1 class=\"title-heading-center\" style=\"margin:0;font-size:1em;color:#ffffff;\">About us<\/h1><\/div><div class=\"fusion-clearfix\"><\/div>\n\n\t\t\t\t\t<\/div>\n\t\t\t\t<\/div><\/div><\/div><div class=\"fusion-fullwidth fullwidth-box fusion-builder-row-2 nonhundred-percent-fullwidth non-hundred-percent-height-scrolling\"  style='background-color: rgba(255,255,255,0);background-position: center center;background-repeat: no-repeat;padding-top:0px;padding-right:0px;padding-bottom:0px;padding-left:0px;margin-bottom: 60px;margin-top: 60px;'><div class=\"fusion-builder-row fusion-row \"><div  class=\"fusion-layout-column fusion_builder_column fusion_builder_column_1_3 fusion-builder-column-2 fusion-one-third fusion-column-first 1_3\"  style='margin-top:0px;margin-bottom:20px;width:33.33%;width:calc(33.33% - ( ( 4% ) * 0.3333 ) );margin-right: 4%;'>\n\t\t\t\t\t<div class=\"fusion-column-wrapper\" style=\"padding: 0px 0px 0px 0px;background-position:left top;background-repeat:no-repeat;-webkit-background-size:cover;-moz-background-size:cover;-o-background-size:cover;background-size:cover;\"   data-bg-url=\"\">\n\t\t\t\t\t\t<span class=\"fusion-imageframe imageframe-none imageframe-1 hover-type-none\"><img loading=\"lazy\" decoding=\"async\" src=\"https:\/\/moebel.tischlerei-doerschel.de\/wp-content\/uploads\/2020\/12\/COLOBO-Schild.jpg\" width=\"600\" height=\"600\" alt=\"\" title=\"COLOBO\" class=\"img-responsive wp-image-1124\" srcset=\"https:\/\/moebel.tischlerei-doerschel.de\/wp-content\/uploads\/2020\/12\/COLOBO-Schild-200x200.jpg 200w, https:\/\/moebel.tischlerei-doerschel.de\/wp-content\/uploads\/2020\/12\/COLOBO-Schild-400x400.jpg 400w, https:\/\/moebel.tischlerei-doerschel.de\/wp-content\/uploads\/2020\/12\/COLOBO-Schild.jpg 600w\" sizes=\"auto, (max-width: 800px) 100vw, 600px\" \/><\/span><div class=\"fusion-clearfix\"><\/div>\n\n\t\t\t\t\t<\/div>\n\t\t\t\t<\/div><div  class=\"fusion-layout-column fusion_builder_column fusion_builder_column_2_3 fusion-builder-column-3 fusion-two-third fusion-column-last 2_3\"  style='margin-top:0px;margin-bottom:20px;width:66.66%;width:calc(66.66% - ( ( 4% ) * 0.6666 ) );'>\n\t\t\t\t\t<div class=\"fusion-column-wrapper\" style=\"padding: 0px 0px 0px 0px;background-position:left top;background-repeat:no-repeat;-webkit-background-size:cover;-moz-background-size:cover;-o-background-size:cover;background-size:cover;\"   data-bg-url=\"\">\n\t\t\t\t\t\t<div class=\"fusion-text\"><p><strong>Tischlerei D\u00f6rschel stands for &#8230;<\/strong><\/p>\n<p>\u2026 a forward-thinking, ambitious company (developed out of Haas Bau Berlin KG and IDEANDU, both of which have been on the market successfully since 2011 and 2015)<\/p>\n<p>\u2026 creative and practical solutions, modern and individual design \u2013 far removed from the mainstream<\/p>\n<p>\u2026 satisfied and convinced customers (<a href=\"https:\/\/moebel.tischlerei-doerschel.de\/en\/#references\">Our References<\/a>)<\/p>\n<p>\u2026 a dedicated, international and cosmopolitan team in which modern working time models ensure individual flexibility and satisfied employees<\/p>\n<p>\u2026 a decisive \u201cNO!\u201d to racism, sexism, homophobia, or any form of discrimination<\/p>\n<\/div><div class=\"fusion-clearfix\"><\/div>\n\n\t\t\t\t\t<\/div>\n\t\t\t\t<\/div><\/div><\/div><div class=\"fusion-fullwidth fullwidth-box fusion-builder-row-3 nonhundred-percent-fullwidth non-hundred-percent-height-scrolling\"  style='background-color: rgba(255,255,255,0);background-position: center center;background-repeat: no-repeat;padding-top:0px;padding-right:0px;padding-bottom:0px;padding-left:0px;'><div class=\"fusion-builder-row fusion-row \"><div  class=\"fusion-layout-column fusion_builder_column fusion_builder_column_1_3 fusion-builder-column-4 fusion-one-third fusion-column-first 1_3\"  style='margin-top:0px;margin-bottom:20px;width:33.33%;width:calc(33.33% - ( ( 4% ) * 0.3333 ) );margin-right: 4%;'>\n\t\t\t\t\t<div class=\"fusion-column-wrapper\" style=\"padding: 0px 0px 0px 0px;background-position:left top;background-repeat:no-repeat;-webkit-background-size:cover;-moz-background-size:cover;-o-background-size:cover;background-size:cover;\"   data-bg-url=\"\">\n\t\t\t\t\t\t<div class=\"fusion-clearfix\"><\/div>\n\n\t\t\t\t\t<\/div>\n\t\t\t\t<\/div><div  class=\"fusion-layout-column fusion_builder_column fusion_builder_column_2_3 fusion-builder-column-5 fusion-two-third fusion-column-last 2_3\"  style='margin-top:0px;margin-bottom:20px;width:66.66%;width:calc(66.66% - ( ( 4% ) * 0.6666 ) );'>\n\t\t\t\t\t<div class=\"fusion-column-wrapper\" style=\"padding: 0px 0px 0px 0px;background-position:left top;background-repeat:no-repeat;-webkit-background-size:cover;-moz-background-size:cover;-o-background-size:cover;background-size:cover;\"   data-bg-url=\"\">\n\t\t\t\t\t\t<style type=\"text\/css\"><\/style><div class=\"fusion-title title fusion-title-2 fusion-sep-none fusion-title-text fusion-title-size-two\" style=\"margin-top:0px;margin-bottom:0px;\"><h2 class=\"title-heading-left\" style=\"margin:0;\"><strong>Managing Director<\/strong><\/h2><\/div><div class=\"fusion-clearfix\"><\/div>\n\n\t\t\t\t\t<\/div>\n\t\t\t\t<\/div><\/div><\/div><div class=\"fusion-fullwidth fullwidth-box fusion-builder-row-4 nonhundred-percent-fullwidth non-hundred-percent-height-scrolling\"  style='background-color: rgba(255,255,255,0);background-position: center center;background-repeat: no-repeat;padding-top:0px;padding-right:0px;padding-bottom:0px;padding-left:0px;margin-bottom: 40px;margin-top: 0px;'><div class=\"fusion-builder-row fusion-row \"><div  class=\"fusion-layout-column fusion_builder_column fusion_builder_column_1_3 fusion-builder-column-6 fusion-one-third fusion-column-first 1_3\"  style='margin-top:0px;margin-bottom:20px;width:33.33%;width:calc(33.33% - ( ( 4% ) * 0.3333 ) );margin-right: 4%;'>\n\t\t\t\t\t<div class=\"fusion-column-wrapper\" style=\"padding: 0px 0px 0px 0px;background-position:left top;background-repeat:no-repeat;-webkit-background-size:cover;-moz-background-size:cover;-o-background-size:cover;background-size:cover;\"   data-bg-url=\"\">\n\t\t\t\t\t\t<span class=\"fusion-imageframe imageframe-none imageframe-2 hover-type-none\"><img loading=\"lazy\" decoding=\"async\" src=\"https:\/\/moebel.tischlerei-doerschel.de\/wp-content\/uploads\/2020\/11\/COLOBO-Samuel-Haas-2-1.jpg\" width=\"600\" height=\"600\" alt=\"\" title=\"COLOBO Samuel Haas\" class=\"img-responsive wp-image-1121\" srcset=\"https:\/\/moebel.tischlerei-doerschel.de\/wp-content\/uploads\/2020\/11\/COLOBO-Samuel-Haas-2-1-200x200.jpg 200w, https:\/\/moebel.tischlerei-doerschel.de\/wp-content\/uploads\/2020\/11\/COLOBO-Samuel-Haas-2-1-400x400.jpg 400w, https:\/\/moebel.tischlerei-doerschel.de\/wp-content\/uploads\/2020\/11\/COLOBO-Samuel-Haas-2-1.jpg 600w\" sizes=\"auto, (max-width: 800px) 100vw, 600px\" \/><\/span><div class=\"fusion-clearfix\"><\/div>\n\n\t\t\t\t\t<\/div>\n\t\t\t\t<\/div><div  class=\"fusion-layout-column fusion_builder_column fusion_builder_column_2_3 fusion-builder-column-7 fusion-two-third fusion-column-last 2_3\"  style='margin-top:0px;margin-bottom:20px;width:66.66%;width:calc(66.66% - ( ( 4% ) * 0.6666 ) );'>\n\t\t\t\t\t<div class=\"fusion-column-wrapper\" style=\"padding: 0px 0px 0px 0px;background-position:left top;background-repeat:no-repeat;-webkit-background-size:cover;-moz-background-size:cover;-o-background-size:cover;background-size:cover;\"   data-bg-url=\"\">\n\t\t\t\t\t\t<style type=\"text\/css\"><\/style><div class=\"fusion-title title fusion-title-3 fusion-sep-none fusion-title-text fusion-title-size-three lineheight-1\" style=\"margin-top:0px;margin-bottom:10px;\"><h3 class=\"title-heading-left\" style=\"margin:0;\"><strong>Samuel Haas<\/strong><\/h3><\/div><div class=\"fusion-text\"><p><em>Samuel is a master carpenter who passed his master&#8217;s examination in 2017 at the top of his class.<\/em><\/p>\n<p>Samuel first got to know the carpentry profession at the age of 13 through a holiday job. This laid the foundation for his later career choice &#8211; working with wood! After his apprenticeship in a traditional carpentry workshop in Baden-W\u00fcrttemberg, Samuel moved to Berlin in 2008. He first worked for a company in the field of renovating old buildings and gained a wide range of experience there.<\/p>\n<p>In 2011, at the age of only 23, he founded Haas Bau Berlin KG. Together with his employees and Berlin-based cooperation partners, Samuel offers his satisfied private and business clients all work from a single source.<\/p>\n<p>However, Samuel&#8217;s passion is still working with wood. In addition to his meticulous project management skills and his &#8220;can-do&#8221; attitude, his ingenuity also helps him to find creative and solid solutions for his clients&#8217; unique building requirements.<\/p>\n<p>DE \/ EN \/ PT \/ (ES)<\/p>\n<p><a href=\"mailto:samuel.haas@colobo.de\">samuel.haas@colobo.de<\/a><br \/>\n<a href=\"tel:+491707730735\">+49 170 77 30 735<\/a><\/p>\n<\/div><div class=\"fusion-clearfix\"><\/div>\n\n\t\t\t\t\t<\/div>\n\t\t\t\t<\/div><\/div><\/div><div class=\"fusion-fullwidth fullwidth-box fusion-builder-row-5 nonhundred-percent-fullwidth non-hundred-percent-height-scrolling\"  style='background-color: rgba(255,255,255,0);background-position: center center;background-repeat: no-repeat;padding-top:0px;padding-right:0px;padding-bottom:0px;padding-left:0px;margin-bottom: 125px;margin-top: 125px;'><div class=\"fusion-builder-row fusion-row \"><div  class=\"fusion-layout-column fusion_builder_column fusion_builder_column_1_3 fusion-builder-column-8 fusion-one-third fusion-column-first 1_3\"  style='margin-top:0px;margin-bottom:20px;width:33.33%;width:calc(33.33% - ( ( 4% ) * 0.3333 ) );margin-right: 4%;'>\n\t\t\t\t\t<div class=\"fusion-column-wrapper\" style=\"padding: 0px 0px 0px 0px;background-position:left top;background-repeat:no-repeat;-webkit-background-size:cover;-moz-background-size:cover;-o-background-size:cover;background-size:cover;\"   data-bg-url=\"\">\n\t\t\t\t\t\t<div class=\"fusion-clearfix\"><\/div>\n\n\t\t\t\t\t<\/div>\n\t\t\t\t<\/div><div  class=\"fusion-layout-column fusion_builder_column fusion_builder_column_2_3 fusion-builder-column-9 fusion-two-third fusion-column-last 2_3\"  style='margin-top:0px;margin-bottom:20px;width:66.66%;width:calc(66.66% - ( ( 4% ) * 0.6666 ) );'>\n\t\t\t\t\t<div class=\"fusion-column-wrapper\" style=\"padding: 0px 0px 0px 0px;background-position:left top;background-repeat:no-repeat;-webkit-background-size:cover;-moz-background-size:cover;-o-background-size:cover;background-size:cover;\"   data-bg-url=\"\">\n\t\t\t\t\t\t<style type=\"text\/css\"><\/style><div class=\"fusion-title title fusion-title-4 fusion-sep-none fusion-title-text fusion-title-size-three lineheight-1\" style=\"margin-top:0px;margin-bottom:31px;\"><h3 class=\"title-heading-left\" style=\"margin:0;\"><strong>Team<\/strong><\/h3><\/div><div class=\"fusion-text\"><p>We are an international team of trained and experienced specialists. With broad expertise, we produce the best result for our customers.<\/p>\n<\/div><div class=\"fusion-clearfix\"><\/div>\n\n\t\t\t\t\t<\/div>\n\t\t\t\t<\/div><\/div><\/div><div class=\"fusion-fullwidth fullwidth-box fusion-builder-row-6 nonhundred-percent-fullwidth non-hundred-percent-height-scrolling\"  style='background-color: rgba(255,255,255,0);background-position: center center;background-repeat: no-repeat;padding-top:0px;padding-right:0px;padding-bottom:0px;padding-left:0px;margin-bottom: 40px;margin-top: 105px;'><div class=\"fusion-builder-row fusion-row \"><div  class=\"fusion-layout-column fusion_builder_column fusion_builder_column_1_3 fusion-builder-column-10 fusion-one-third fusion-column-first 1_3\"  style='margin-top:0px;margin-bottom:20px;width:33.33%;width:calc(33.33% - ( ( 4% ) * 0.3333 ) );margin-right: 4%;'>\n\t\t\t\t\t<div class=\"fusion-column-wrapper\" style=\"padding: 0px 0px 0px 0px;background-position:left top;background-repeat:no-repeat;-webkit-background-size:cover;-moz-background-size:cover;-o-background-size:cover;background-size:cover;\"   data-bg-url=\"\">\n\t\t\t\t\t\t<div class=\"fusion-clearfix\"><\/div>\n\n\t\t\t\t\t<\/div>\n\t\t\t\t<\/div><div  class=\"fusion-layout-column fusion_builder_column fusion_builder_column_2_3 fusion-builder-column-11 fusion-two-third fusion-column-last 2_3\"  style='margin-top:0px;margin-bottom:20px;width:66.66%;width:calc(66.66% - ( ( 4% ) * 0.6666 ) );'>\n\t\t\t\t\t<div class=\"fusion-column-wrapper\" style=\"padding: 0px 0px 0px 0px;background-position:left top;background-repeat:no-repeat;-webkit-background-size:cover;-moz-background-size:cover;-o-background-size:cover;background-size:cover;\"   data-bg-url=\"\">\n\t\t\t\t\t\t<style type=\"text\/css\"><\/style><div class=\"fusion-title title fusion-title-5 fusion-sep-none fusion-title-text fusion-title-size-three lineheight-1\" style=\"margin-top:0px;margin-bottom:31px;\"><h3 class=\"title-heading-left\" style=\"margin:0;\"><strong>History<\/strong><\/h3><\/div><div class=\"fusion-text\"><p>In 2016, Samuel met Fabio Careddu, wood expert and furniture designer with his own company IDEANDU in Sardinia, on a construction site. After successfully developing their first few joint projects the two decided to merge their companies: IDEANDU and Haas Bau Berlin KG.<\/p>\n<p>Thus, in June 2018 Tischlerei D\u00f6rschel GmbH was founded. With their combined expertise and experience and an expanded team, Tischlerei D\u00f6rschel began developing larger projects. Although initially working as general contractors, Tischlerei D\u00f6rschel GmbH soon shifted its focus to developing larger office and commercial spaces. In 2020, Tischlerei D\u00f6rschel expanded it\u2019s furniture construction division and upcycling design projects by moving into a modern, 600 m<sup>2<\/sup> workshop in Berlin-Pankow.<\/p>\n<p>In 2021, Fabio decided to move back to Italy with his family and officially took a step back from the company to pursue new challenges in Sardinia. As of 2022, Tischlerei D\u00f6rschel also took a step back from offering general contractor services, and instead now focuses exclusively on being a one-stop source for interior design.<\/p>\n<\/div><div class=\"fusion-clearfix\"><\/div>\n\n\t\t\t\t\t<\/div>\n\t\t\t\t<\/div><\/div><\/div><\/p>\n","protected":false},"excerpt":{"rendered":"","protected":false},"author":2,"featured_media":0,"parent":0,"menu_order":0,"comment_status":"closed","ping_status":"closed","template":"100-width.php","meta":{"footnotes":""},"class_list":["post-1103","page","type-page","status-publish","hentry"],"_links":{"self":[{"href":"https:\/\/moebel.tischlerei-doerschel.de\/en\/wp-json\/wp\/v2\/pages\/1103","targetHints":{"allow":["GET"]}}],"collection":[{"href":"https:\/\/moebel.tischlerei-doerschel.de\/en\/wp-json\/wp\/v2\/pages"}],"about":[{"href":"https:\/\/moebel.tischlerei-doerschel.de\/en\/wp-json\/wp\/v2\/types\/page"}],"author":[{"embeddable":true,"href":"https:\/\/moebel.tischlerei-doerschel.de\/en\/wp-json\/wp\/v2\/users\/2"}],"replies":[{"embeddable":true,"href":"https:\/\/moebel.tischlerei-doerschel.de\/en\/wp-json\/wp\/v2\/comments?post=1103"}],"version-history":[{"count":21,"href":"https:\/\/moebel.tischlerei-doerschel.de\/en\/wp-json\/wp\/v2\/pages\/1103\/revisions"}],"predecessor-version":[{"id":2563,"href":"https:\/\/moebel.tischlerei-doerschel.de\/en\/wp-json\/wp\/v2\/pages\/1103\/revisions\/2563"}],"wp:attachment":[{"href":"https:\/\/moebel.tischlerei-doerschel.de\/en\/wp-json\/wp\/v2\/media?parent=1103"}],"curies":[{"name":"wp","href":"https:\/\/api.w.org\/{rel}","templated":true}]}}